{"id":250,"date":"2016-05-24T10:03:23","date_gmt":"2016-05-24T17:03:23","guid":{"rendered":"https:\/\/veegeoservices.ca\/?page_id=250&#038;lang=fr"},"modified":"2016-06-07T12:30:25","modified_gmt":"2016-06-07T19:30:25","slug":"expertise","status":"publish","type":"page","link":"https:\/\/veegeoservices.ca\/fr\/expertise\/","title":{"rendered":"Expertise"},"content":{"rendered":"<p><img loading=\"lazy\" decoding=\"async\" class=\"alignleft size-full wp-image-594\" src=\"https:\/\/veegeoservices.ca\/wp-content\/uploads\/2016\/06\/header_expertise3.jpg\" alt=\"header_expertise3\" width=\"1160\" height=\"180\" srcset=\"https:\/\/veegeoservices.ca\/wp-content\/uploads\/2016\/06\/header_expertise3.jpg 1160w, https:\/\/veegeoservices.ca\/wp-content\/uploads\/2016\/06\/header_expertise3-300x47.jpg 300w, https:\/\/veegeoservices.ca\/wp-content\/uploads\/2016\/06\/header_expertise3-768x119.jpg 768w, https:\/\/veegeoservices.ca\/wp-content\/uploads\/2016\/06\/header_expertise3-1024x159.jpg 1024w\" sizes=\"(max-width: 1160px) 100vw, 1160px\" \/><\/p>\n<p><span style=\"color: #333300;\"><span id=\"E468\" class=\"qowt-font5-Helvetica\">Nos principaux domaines de comp\u00e9tence sont \u00e9num\u00e9r\u00e9s ci-dessous<\/span><span id=\"E469\" class=\"qowt-font5-Helvetica\">.<\/span><span id=\"E470\" class=\"qowt-font5-Helvetica\"> Nous ne traitons pas les documents l\u00e9gaux ou m\u00e9dicaux.<\/span><\/span><\/p>\n<p><strong><span style=\"color: #b92228;\"><span id=\"E472\" class=\"qowt-font5-Helvetica\">Exploration<\/span><span id=\"E473\" class=\"qowt-font5-Helvetica\"> min\u00e9rale et activit\u00e9s mini\u00e8res<\/span><\/span><\/strong><\/p>\n<ul>\n<li><span style=\"color: #333300;\">communiqu\u00e9s de presse<\/span><\/li>\n<li><span style=\"color: #333300;\"><span id=\"E477\" class=\"qowt-font5-Helvetica\">estimation<\/span><span id=\"E478\" class=\"qowt-font5-Helvetica\">s<\/span><span id=\"E479\" class=\"qowt-font5-Helvetica\"> de ressources et de r\u00e9serves (rapports techniques conformes au R\u00e8glement<\/span><span id=\"E480\" class=\"qowt-font5-Helvetica\">\u00a0<\/span><span id=\"E481\" class=\"qowt-font5-Helvetica\">43-101)<\/span><\/span><\/li>\n<li><span style=\"color: #333300;\"><span id=\"E483\" class=\"qowt-font5-Helvetica\">\u00e9valuation \u00e9conomique pr\u00e9liminaire <\/span><span id=\"E484\" class=\"qowt-font5-Helvetica\">(<\/span><span id=\"E485\" class=\"qowt-font5-Helvetica\">\u00c9\u00c9<\/span><span id=\"E486\" class=\"qowt-font5-Helvetica\">P<\/span><span id=\"E487\" class=\"qowt-font5-Helvetica\">)<\/span><\/span><\/li>\n<li><span style=\"color: #333300;\"><span id=\"E489\" class=\"qowt-font5-Helvetica\">\u00e9tudes de pr\u00e9fa<\/span><span id=\"E490\" class=\"qowt-font5-Helvetica\">is<\/span><span id=\"E491\" class=\"qowt-font5-Helvetica\">abilit\u00e9 <\/span><span id=\"E492\" class=\"qowt-font5-Helvetica\">ou<\/span><span id=\"E493\" class=\"qowt-font5-Helvetica\"> de faisabilit\u00e9 <\/span><span id=\"E494\" class=\"qowt-font5-Helvetica\">(<\/span><span id=\"E496\" class=\"qowt-font5-Helvetica\">\u00c9<\/span><span id=\"E497\" class=\"qowt-font5-Helvetica\">PF<\/span><span id=\"E499\" class=\"qowt-font5-Helvetica\">, <\/span><span id=\"E501\" class=\"qowt-font5-Helvetica\">\u00c9<\/span><span id=\"E502\" class=\"qowt-font5-Helvetica\">F<\/span><span id=\"E504\" class=\"qowt-font5-Helvetica\">)<\/span><\/span><\/li>\n<li><span style=\"color: #333300;\"><span id=\"E506\" class=\"qowt-font5-Helvetica\">rapport<\/span><span id=\"E507\" class=\"qowt-font5-Helvetica\">s<\/span><span id=\"E508\" class=\"qowt-font5-Helvetica\"> annuel<\/span><span id=\"E509\" class=\"qowt-font5-Helvetica\">s<\/span><span id=\"E510\" class=\"qowt-font5-Helvetica\"> ou trimestriel<\/span><span id=\"E511\" class=\"qowt-font5-Helvetica\">s<\/span><span id=\"E512\" class=\"qowt-font5-Helvetica\"> <\/span><span id=\"E513\" class=\"qowt-font5-Helvetica\">(<\/span><span id=\"E514\" class=\"qowt-font5-Helvetica\">rapport<\/span><span id=\"E515\" class=\"qowt-font5-Helvetica\">s<\/span><span id=\"E516\" class=\"qowt-font5-Helvetica\"> de gestion, \u00e9tats financiers<\/span><span id=\"E517\" class=\"qowt-font5-Helvetica\">)<\/span><\/span><\/li>\n<li><span style=\"color: #333300;\"><span id=\"E519\" class=\"qowt-font5-Helvetica\">p<\/span><span id=\"E520\" class=\"qowt-font5-Helvetica\">r\u00e9sentation<\/span><span id=\"E521\" class=\"qowt-font5-Helvetica\">s<\/span><span id=\"E522\" class=\"qowt-font5-Helvetica\"> corporatives<\/span><span id=\"E523\" class=\"qowt-font5-Helvetica\">, site<\/span><span id=\"E524\" class=\"qowt-font5-Helvetica\">s<\/span><span id=\"E525\" class=\"qowt-font5-Helvetica\"> web ou autre<\/span><span id=\"E526\" class=\"qowt-font5-Helvetica\">s<\/span><span id=\"E527\" class=\"qowt-font5-Helvetica\"> document<\/span><span id=\"E528\" class=\"qowt-font5-Helvetica\">s<\/span><span id=\"E529\" class=\"qowt-font5-Helvetica\"> de soci\u00e9t\u00e9s <\/span><\/span><\/li>\n<li><span style=\"color: #333300;\">descriptions de propri\u00e9t\u00e9s mini\u00e8res, rapports g\u00e9ologiques ou miniers, journaux de sondages<\/span><\/li>\n<\/ul>\n<p><span style=\"color: #b92228;\"><strong>Recherche en g\u00e9ologie et en environnement <\/strong><\/span><\/p>\n<ul>\n<li><span style=\"color: #333300;\"><span id=\"E538\" class=\"qowt-font5-Helvetica\">th<\/span><span id=\"E539\" class=\"qowt-font5-Helvetica\">\u00e8<\/span><span id=\"E540\" class=\"qowt-font5-Helvetica\">se<\/span><span id=\"E541\" class=\"qowt-font5-Helvetica\">s<\/span><span id=\"E542\" class=\"qowt-font5-Helvetica\"> de ma\u00ee<\/span><span id=\"E543\" class=\"qowt-font5-Helvetica\">trise ou de doctorat<\/span><\/span><\/li>\n<li><span style=\"color: #333300;\"><span id=\"E545\" class=\"qowt-font5-Helvetica\">article<\/span><span id=\"E546\" class=\"qowt-font5-Helvetica\">s de revue scientifique<\/span><\/span><\/li>\n<\/ul>\n<p><strong><span style=\"color: #b92228;\">Profil<\/span><\/strong><\/p>\n<p><span style=\"color: #333300;\"><span id=\"E550\" class=\"qowt-font5-Helvetica\">Vee G\u00e9oservices est une entreprise immatricul\u00e9e au nom de Venetia Bodycomb, <\/span><span id=\"E551\" class=\"qowt-font5-Helvetica\">qui poss\u00e8de<\/span><span id=\"E552\" class=\"qowt-font5-Helvetica\"> une formation de haut niveau en <\/span><span id=\"E553\" class=\"qowt-font5-Helvetica\">sciences g\u00e9ologiques <\/span><span id=\"E554\" class=\"qowt-font5-Helvetica\">et en exploration min\u00e9rale<\/span><span id=\"E555\" class=\"qowt-font5-Helvetica\">. Au cours de ses \u00e9tudes, elle a fr\u00e9quent\u00e9 <\/span><span id=\"E556\" class=\"qowt-font5-Helvetica\">trois universit\u00e9s montr\u00e9alaises, en plus d<\/span><span id=\"E557\" class=\"qowt-font5-Helvetica\">\u2019<\/span><span id=\"E558\" class=\"qowt-font5-Helvetica\">y \u00eatre<\/span><span id=\"E559\" class=\"qowt-font5-Helvetica\"> <\/span><span id=\"E560\" class=\"qowt-font5-Helvetica\">charg\u00e9e de cours<\/span><span id=\"E561\" class=\"qowt-font5-Helvetica\">.<\/span><span id=\"E562\" class=\"qowt-font5-Helvetica\"> <\/span><span id=\"E563\" class=\"qowt-font5-Helvetica\">En 1990, lors de sa ma\u00eetrise dans une universit\u00e9 francophone, elle commence \u00e0 traduire et \u00e0 r\u00e9viser les travaux de professeurs et de coll\u00e8gues<\/span><span id=\"E564\" class=\"qowt-font5-Helvetica\">,<\/span><span id=\"E565\" class=\"qowt-font5-Helvetica\"> et son entreprise n<\/span><span id=\"E566\" class=\"qowt-font5-Helvetica\">\u2019<\/span><span id=\"E567\" class=\"qowt-font5-Helvetica\">a cess\u00e9 de <\/span><span id=\"E568\" class=\"qowt-font5-Helvetica\">cro\u00ee<\/span><span id=\"E569\" class=\"qowt-font5-Helvetica\">tre depuis. Elle a acquis une <\/span><span id=\"E570\" class=\"qowt-font5-Helvetica\">co<\/span><span id=\"E571\" class=\"qowt-font5-Helvetica\">nnaissance approfondie <\/span><span id=\"E572\" class=\"qowt-font5-Helvetica\">quant aux exigences techniques et aux contraintes de temps li\u00e9s \u00e0 la r\u00e9daction de rapports alors qu<\/span><span id=\"E573\" class=\"qowt-font5-Helvetica\">\u2019<\/span><span id=\"E574\" class=\"qowt-font5-Helvetica\">elle agissait \u00e0 titre de consultant<\/span><span id=\"E575\" class=\"qowt-font5-Helvetica\">e <\/span><span id=\"E576\" class=\"qowt-font5-Helvetica\">pour des soci\u00e9t\u00e9s mini\u00e8res et pour le gouvernement ou en tant que coordonnatrice de la recherche pour un groupe de recherche <\/span><span id=\"E578\" class=\"qowt-font5-Helvetica\">g\u00e9oscientifique<\/span><span id=\"E580\" class=\"qowt-font5-Helvetica\"> \u00e0 l<\/span><span id=\"E581\" class=\"qowt-font5-Helvetica\">\u2019<\/span><span id=\"E582\" class=\"qowt-font5-Helvetica\">\u00e9chelle de la province.<\/span><\/span><\/p>\n","protected":false},"excerpt":{"rendered":"<p>Nous offrons plus que des services g\u00e9n\u00e9raux de traduction et de r\u00e9vision, car nous traitons des documents techniques ou scientifiques tr\u00e8s sp\u00e9cialis\u00e9s quant \u00e0 leur contenu et \u00e0 leur terminologie. Gr\u00e2ce \u00e0 notre exp\u00e9rience directe dans l\u2019industrie mini\u00e8re ou au sein d\u2019\u00e9tablissements de recherche, nous sommes en mesure de comprendre les exigences techniques et les d\u00e9lais auxquels sont confront\u00e9s les soci\u00e9t\u00e9s, les consultants, les organismes gouvernementaux et les chercheurs. Dans la section Portfolio, vous trouverez des exemples de notre travail.<\/p>\n","protected":false},"author":1,"featured_media":0,"parent":0,"menu_order":0,"comment_status":"closed","ping_status":"closed","template":"template-fullwidth.php","meta":{"footnotes":""},"_links":{"self":[{"href":"https:\/\/veegeoservices.ca\/fr\/wp-json\/wp\/v2\/pages\/250"}],"collection":[{"href":"https:\/\/veegeoservices.ca\/fr\/wp-json\/wp\/v2\/pages"}],"about":[{"href":"https:\/\/veegeoservices.ca\/fr\/wp-json\/wp\/v2\/types\/page"}],"author":[{"embeddable":true,"href":"https:\/\/veegeoservices.ca\/fr\/wp-json\/wp\/v2\/users\/1"}],"replies":[{"embeddable":true,"href":"https:\/\/veegeoservices.ca\/fr\/wp-json\/wp\/v2\/comments?post=250"}],"version-history":[{"count":13,"href":"https:\/\/veegeoservices.ca\/fr\/wp-json\/wp\/v2\/pages\/250\/revisions"}],"predecessor-version":[{"id":600,"href":"https:\/\/veegeoservices.ca\/fr\/wp-json\/wp\/v2\/pages\/250\/revisions\/600"}],"wp:attachment":[{"href":"https:\/\/veegeoservices.ca\/fr\/wp-json\/wp\/v2\/media?parent=250"}],"curies":[{"name":"wp","href":"https:\/\/api.w.org\/{rel}","templated":true}]}}