{"id":246,"date":"2016-05-24T10:02:50","date_gmt":"2016-05-24T17:02:50","guid":{"rendered":"https:\/\/veegeoservices.ca\/?page_id=246&#038;lang=fr"},"modified":"2023-01-31T17:18:51","modified_gmt":"2023-02-01T00:18:51","slug":"services","status":"publish","type":"page","link":"https:\/\/veegeoservices.ca\/fr\/services\/","title":{"rendered":"Services"},"content":{"rendered":"<p><img loading=\"lazy\" decoding=\"async\" class=\"alignleft size-full wp-image-595\" src=\"https:\/\/veegeoservices.ca\/wp-content\/uploads\/2016\/06\/header_services3.jpg\" alt=\"header_services3\" width=\"1160\" height=\"180\" srcset=\"https:\/\/veegeoservices.ca\/wp-content\/uploads\/2016\/06\/header_services3.jpg 1160w, https:\/\/veegeoservices.ca\/wp-content\/uploads\/2016\/06\/header_services3-300x47.jpg 300w, https:\/\/veegeoservices.ca\/wp-content\/uploads\/2016\/06\/header_services3-768x119.jpg 768w, https:\/\/veegeoservices.ca\/wp-content\/uploads\/2016\/06\/header_services3-1024x159.jpg 1024w\" sizes=\"(max-width: 1160px) 100vw, 1160px\" \/><span id=\"E590\" class=\"qowt-font5-Helvetica\"><\/span><\/p>\n<p><span style=\"color: #333300;\">Les tarifs sont en dollars canadiens, avant taxes<span id=\"E591\" class=\"qowt-font5-Helvetica\">.<\/span><\/span><\/p>\n<p><strong><span style=\"color: #b92228;\">Traduction<\/span><\/strong><\/p>\n<ul>\n<li><span style=\"color: #333300;\">Anglais-fran\u00e7ais et fran\u00e7ais-anglais<\/span><\/li>\n<li><span style=\"color: #333300;\"><span id=\"E597\" class=\"qowt-font5-Helvetica\">Documents d\u2019entreprise<\/span><span id=\"E598\" class=\"qowt-font5-Helvetica\"> et documents techniques ou scientifiques dans le domaine minier<\/span><\/span><\/li>\n<li><span style=\"color: #333300;\"><span id=\"E600\" class=\"qowt-font5-Helvetica\">Tarifs au 1er janvier 2023 (le tarif urgent par rapport au tarif r\u00e9gulier est d\u00e9termin\u00e9 par notre disponibilit\u00e9 compte tenu de la nature et du volume du travail)<\/span><\/span>\n<ul>\n<li><span style=\"color: #333300;\"><span id=\"E600\" class=\"qowt-font5-Helvetica\">0<\/span><span id=\"E601\" class=\"qowt-font5-Helvetica\">,<\/span><span id=\"E602\" class=\"qowt-font5-Helvetica\">28<\/span><span id=\"E603\" class=\"qowt-font5-Helvetica\">\u00a0<\/span><span id=\"E604\" class=\"qowt-font5-Helvetica\">$\/mot<\/span><span id=\"E605\" class=\"qowt-font5-Helvetica\"> (tarif <\/span><span id=\"E606\" class=\"qowt-font5-Helvetica\">r\u00e9gulier<\/span><span id=\"E607\" class=\"qowt-font5-Helvetica\">)<\/span><\/span><\/li>\n<li><span style=\"color: #333300;\"><span id=\"E610\" class=\"qowt-font5-Helvetica\">0<\/span><span id=\"E611\" class=\"qowt-font5-Helvetica\">,<\/span><span id=\"E612\" class=\"qowt-font5-Helvetica\">33<\/span><span id=\"E613\" class=\"qowt-font5-Helvetica\">\u00a0<\/span><span id=\"E614\" class=\"qowt-font5-Helvetica\">$<\/span><span id=\"E615\" class=\"qowt-font5-Helvetica\">\/<\/span><span id=\"E616\" class=\"qowt-font5-Helvetica\">mot<\/span><span id=\"E617\" class=\"qowt-font5-Helvetica\"> (tarif <\/span><span id=\"E618\" class=\"qowt-font5-Helvetica\">urgent; ex. communiqu\u00e9s le jour m\u00eame<\/span><span id=\"E619\" class=\"qowt-font5-Helvetica\">)<\/span><\/span><\/li>\n<li><span style=\"color: #333300;\"><span id=\"E619\" class=\"qowt-font5-Helvetica\">85 $\/hre (composants du travail calcul\u00e9s sur une base horaire)<\/span><\/span><\/li>\n<li>Un suppl\u00e9ment est appliqu\u00e9 pour les travaux de fin de semaine<\/li>\n<\/ul>\n<\/li>\n<\/ul>\n<p><span style=\"color: #b92228;\"><strong>R\u00e9vision<\/strong><\/span><\/p>\n<ul>\n<li><span style=\"color: #333300;\"><span id=\"E623\" class=\"qowt-font5-Helvetica\">R\u00e9vision linguistique<\/span><span id=\"E624\" class=\"qowt-font5-Helvetica\"> (<\/span><span id=\"E625\" class=\"qowt-font5-Helvetica\">anglais ou fran\u00e7ais<\/span><span id=\"E626\" class=\"qowt-font5-Helvetica\">)<\/span><\/span><\/li>\n<li><span style=\"color: #333300;\"><span id=\"E628\" class=\"qowt-font5-Helvetica\">R\u00e9vision critique<\/span><span id=\"E629\" class=\"qowt-font5-Helvetica\"> (<\/span><span id=\"E630\" class=\"qowt-font5-Helvetica\">clart\u00e9, organisation<\/span><span id=\"E631\" class=\"qowt-font5-Helvetica\">, <\/span><span id=\"E632\" class=\"qowt-font5-Helvetica\">r\u00e9gularit\u00e9 des faits<\/span><span id=\"E633\" class=\"qowt-font5-Helvetica\">)<\/span><\/span><\/li>\n<li><span style=\"color: #333300;\"><span id=\"E635\" class=\"qowt-font5-Helvetica\">85<\/span><span id=\"E636\" class=\"qowt-font5-Helvetica\">\u00a0$<\/span><span id=\"E637\" class=\"qowt-font5-Helvetica\">\/<\/span><span id=\"E638\" class=\"qowt-font5-Helvetica\">heure <span id=\"E619\" class=\"qowt-font5-Helvetica\">(+ suppl\u00e9ment pour les travaux de fin de semaine)<\/span><\/span><\/span><\/li>\n<\/ul>\n<p><span style=\"color: #b92228;\"><strong>Expertise<\/strong><\/span><\/p>\n<ul>\n<li><span style=\"color: #333300;\"><span id=\"E642\" class=\"qowt-font5-Helvetica\">Industrie de l<\/span><span id=\"E643\" class=\"qowt-font5-Helvetica\">\u2019<\/span><span id=\"E644\" class=\"qowt-font5-Helvetica\">exploration et de l<\/span><span id=\"E645\" class=\"qowt-font5-Helvetica\">\u2019<\/span><span id=\"E646\" class=\"qowt-font5-Helvetica\">exploitation<\/span><span id=\"E647\" class=\"qowt-font5-Helvetica\"> mini\u00e8re <\/span><\/span><\/li>\n<li><span style=\"color: #333300;\"><span id=\"E649\" class=\"qowt-font5-Helvetica\">Gouvernement, secteur des ressources naturelles<\/span><span id=\"E650\" class=\"qowt-font5-Helvetica\"> <\/span><span id=\"E651\" class=\"qowt-font5-Helvetica\"><\/span><\/span><\/li>\n<li><span style=\"color: #333300;\"><span id=\"E653\" class=\"qowt-font5-Helvetica\">G<\/span><span id=\"E654\" class=\"qowt-font5-Helvetica\">\u00e9<\/span><span id=\"E655\" class=\"qowt-font5-Helvetica\">ologi<\/span><span id=\"E656\" class=\"qowt-font5-Helvetica\">e et sciences de l<\/span><span id=\"E657\" class=\"qowt-font5-Helvetica\">\u2019<\/span><span id=\"E658\" class=\"qowt-font5-Helvetica\">environ<\/span><span id=\"E659\" class=\"qowt-font5-Helvetica\">n<\/span><span id=\"E660\" class=\"qowt-font5-Helvetica\">e<\/span><span id=\"E661\" class=\"qowt-font5-Helvetica\">men<\/span><span id=\"E662\" class=\"qowt-font5-Helvetica\">t<\/span><\/span><\/li>\n<\/ul>\n<p><strong><span style=\"color: #b92228;\">Nous vous offrons une garantie <\/span><\/strong><\/p>\n<ul>\n<li style=\"font-weight: 400;\"><span style=\"color: #333300;\"><span id=\"E667\" class=\"qowt-font5-Helvetica\">de qualit\u00e9 et <\/span><span id=\"E668\" class=\"qowt-font5-Helvetica\">d<\/span><span id=\"E669\" class=\"qowt-font5-Helvetica\">\u2019<\/span><span id=\"E670\" class=\"qowt-font5-Helvetica\">exactitude<\/span><span id=\"E671\" class=\"qowt-font5-Helvetica\">\u2009<\/span><\/span><\/li>\n<li style=\"font-weight: 400;\"><span style=\"color: #333300;\"><span id=\"E673\" class=\"qowt-font5-Helvetica\">de r\u00e9gularit\u00e9, de m\u00e9ticulo<\/span><span id=\"E674\" class=\"qowt-font5-Helvetica\">sit\u00e9 et d<\/span><span id=\"E675\" class=\"qowt-font5-Helvetica\">\u2019<\/span><span id=\"E676\" class=\"qowt-font5-Helvetica\">attention aux d\u00e9tails<\/span><span id=\"E677\" class=\"qowt-font5-Helvetica\">\u2009<\/span><\/span><\/li>\n<li style=\"font-weight: 400;\"><span style=\"color: #333300;\"><span id=\"E679\" class=\"qowt-font5-Helvetica\">de<\/span><span id=\"E680\" class=\"qowt-font5-Helvetica\">s<\/span><span id=\"E681\" class=\"qowt-font5-Helvetica\"> d\u00e9lai<\/span><span id=\"E682\" class=\"qowt-font5-Helvetica\">s<\/span><span id=\"E683\" class=\"qowt-font5-Helvetica\"> de livraison bref<\/span><span id=\"E684\" class=\"qowt-font5-Helvetica\">s<\/span><span id=\"E685\" class=\"qowt-font5-Helvetica\">\u2009<\/span><\/span><\/li>\n<li style=\"font-weight: 400;\"><span style=\"color: #333300;\"><span id=\"E688\" class=\"qowt-font5-Helvetica\">d\u2019un service personnalis\u00e9<\/span><span id=\"E689\" class=\"qowt-font5-Helvetica\">\u2009<\/span><\/span><\/li>\n<li style=\"font-weight: 400;\"><span style=\"color: #333300;\"><span id=\"E692\" class=\"qowt-font5-Helvetica\">de <\/span><span id=\"E693\" class=\"qowt-font5-Helvetica\">confidentialit\u00e9<\/span><\/span><\/li>\n<\/ul>\n","protected":false},"excerpt":{"rendered":"<p>We developped expertise in mining and mineral exploration, geologic and environmental research<\/p>\n","protected":false},"author":1,"featured_media":0,"parent":0,"menu_order":0,"comment_status":"closed","ping_status":"closed","template":"template-fullwidth.php","meta":{"footnotes":""},"_links":{"self":[{"href":"https:\/\/veegeoservices.ca\/fr\/wp-json\/wp\/v2\/pages\/246"}],"collection":[{"href":"https:\/\/veegeoservices.ca\/fr\/wp-json\/wp\/v2\/pages"}],"about":[{"href":"https:\/\/veegeoservices.ca\/fr\/wp-json\/wp\/v2\/types\/page"}],"author":[{"embeddable":true,"href":"https:\/\/veegeoservices.ca\/fr\/wp-json\/wp\/v2\/users\/1"}],"replies":[{"embeddable":true,"href":"https:\/\/veegeoservices.ca\/fr\/wp-json\/wp\/v2\/comments?post=246"}],"version-history":[{"count":29,"href":"https:\/\/veegeoservices.ca\/fr\/wp-json\/wp\/v2\/pages\/246\/revisions"}],"predecessor-version":[{"id":693,"href":"https:\/\/veegeoservices.ca\/fr\/wp-json\/wp\/v2\/pages\/246\/revisions\/693"}],"wp:attachment":[{"href":"https:\/\/veegeoservices.ca\/fr\/wp-json\/wp\/v2\/media?parent=246"}],"curies":[{"name":"wp","href":"https:\/\/api.w.org\/{rel}","templated":true}]}}