{"id":240,"date":"2016-05-24T10:01:46","date_gmt":"2016-05-24T17:01:46","guid":{"rendered":"https:\/\/veegeoservices.ca\/?page_id=240&#038;lang=fr"},"modified":"2022-06-10T07:35:44","modified_gmt":"2022-06-10T14:35:44","slug":"contact","status":"publish","type":"page","link":"https:\/\/veegeoservices.ca\/fr\/contact\/","title":{"rendered":"Contact"},"content":{"rendered":"<p><img loading=\"lazy\" decoding=\"async\" class=\"alignleft size-full wp-image-598\" src=\"https:\/\/veegeoservices.ca\/wp-content\/uploads\/2016\/06\/header_contact3.jpg\" alt=\"header_contact3\" width=\"1160\" height=\"180\" srcset=\"https:\/\/veegeoservices.ca\/wp-content\/uploads\/2016\/06\/header_contact3.jpg 1160w, https:\/\/veegeoservices.ca\/wp-content\/uploads\/2016\/06\/header_contact3-300x47.jpg 300w, https:\/\/veegeoservices.ca\/wp-content\/uploads\/2016\/06\/header_contact3-768x119.jpg 768w, https:\/\/veegeoservices.ca\/wp-content\/uploads\/2016\/06\/header_contact3-1024x159.jpg 1024w\" sizes=\"(max-width: 1160px) 100vw, 1160px\" \/><\/p>\n<p><span style=\"color: #333300;\"><span id=\"E711\" class=\"qowt-font5-Helvetica\"><br \/>\nNous pouvons g\u00e9n\u00e9ralement vous donner <\/span><span id=\"E713\" class=\"qowt-stl-CommentReference\"><\/span><span id=\"E715\" class=\"qowt-font5-Helvetica\">une estimation du co\u00fbt en quelques heures<\/span><\/span><span id=\"E716\" class=\"qowt-font5-Helvetica\"><span style=\"color: #333300;\"> ou vous pouvez consulter nos tarifs \u00e0 la section<\/span> <a href=\"https:\/\/veegeoservices.ca\/fr\/services\/\">Services<\/a><\/span><span id=\"E717\" class=\"qowt-font5-Helvetica\"><span style=\"color: #333300;\">. Veuillez nous transmettre le document en format Word, si possible, sans oublier les figures et les tableaux.<\/span> <\/span><\/p>\n<p><span style=\"color: #b92228;\"><strong>Venetia Bodycomb, pr\u00e9sidente<\/strong><\/span><\/p>\n<div class=\"address-contact\">\n<div class=\"address-content\"><span style=\"color: #003300;\">Qu\u00e9bec, Canada<\/span><\/div>\n<\/div>\n<p><span style=\"color: #003300;\">T\u00e9l\u00e9phone\u00a0+1 450-530-1190<\/span><br \/>\n<span style=\"color: #333300;\">Courriel<\/span>\u00a0 \u00a0<a href=\"mailto:info@veegeoservices.ca\">info@veegeoservices.ca<\/a><br \/>\n<i class=\"fa fa-linkedin\"><\/i>\u00a0\u00a0<a href=\"https:\/\/ca.linkedin.com\/in\/venetia-bodycomb-05723095\">LinkedIn<\/a><\/p>\n","protected":false},"excerpt":{"rendered":"<p>Nous pouvons g\u00e9n\u00e9ralement vous donner une estimation du co\u00fbt en quelques heures ou vous pouvez consulter nos tarifs \u00e0 la section Services. Veuillez nous transmettre le document en format Word, &#8230;<\/p>\n","protected":false},"author":1,"featured_media":0,"parent":0,"menu_order":0,"comment_status":"closed","ping_status":"closed","template":"template-fullwidth.php","meta":{"footnotes":""},"_links":{"self":[{"href":"https:\/\/veegeoservices.ca\/fr\/wp-json\/wp\/v2\/pages\/240"}],"collection":[{"href":"https:\/\/veegeoservices.ca\/fr\/wp-json\/wp\/v2\/pages"}],"about":[{"href":"https:\/\/veegeoservices.ca\/fr\/wp-json\/wp\/v2\/types\/page"}],"author":[{"embeddable":true,"href":"https:\/\/veegeoservices.ca\/fr\/wp-json\/wp\/v2\/users\/1"}],"replies":[{"embeddable":true,"href":"https:\/\/veegeoservices.ca\/fr\/wp-json\/wp\/v2\/comments?post=240"}],"version-history":[{"count":12,"href":"https:\/\/veegeoservices.ca\/fr\/wp-json\/wp\/v2\/pages\/240\/revisions"}],"predecessor-version":[{"id":671,"href":"https:\/\/veegeoservices.ca\/fr\/wp-json\/wp\/v2\/pages\/240\/revisions\/671"}],"wp:attachment":[{"href":"https:\/\/veegeoservices.ca\/fr\/wp-json\/wp\/v2\/media?parent=240"}],"curies":[{"name":"wp","href":"https:\/\/api.w.org\/{rel}","templated":true}]}}